{"id":231845,"date":"2023-09-18T10:34:38","date_gmt":"2023-09-18T10:34:38","guid":{"rendered":"https:\/\/dermatologiaveterinariamadrid.com\/?page_id=231845"},"modified":"2023-11-08T12:07:25","modified_gmt":"2023-11-08T12:07:25","slug":"politica-de-privacidad","status":"publish","type":"page","link":"https:\/\/dermatologiaveterinariamadrid.com\/en\/politica-de-privacidad\/","title":{"rendered":"Pol\u00edtica de Privacidad"},"content":{"rendered":"<p>[et_pb_section fb_built=\u00bb1&#8243; _builder_version=\u00bb4.21.0&#8243; _module_preset=\u00bbdefault\u00bb background_color=\u00bb#DCA427&#8243; use_background_color_gradient=\u00bbon\u00bb background_color_gradient_stops=\u00bb#26576b 0%|rgba(141,198,221,0.26) 8%\u00bb background_image=\u00bbhttps:\/\/dermatologiaveterinariamadrid.com\/wp-content\/uploads\/2023\/06\/otros-tratamientos.jpg\u00bb background_blend=\u00bbsoft-light\u00bb min_height=\u00bb100vh\u00bb locked=\u00bboff\u00bb global_colors_info=\u00bb{}\u00bb][et_pb_row _builder_version=\u00bb4.21.0&#8243; _module_preset=\u00bbdefault\u00bb custom_margin=\u00bb1px|auto||auto|false|false\u00bb global_colors_info=\u00bb{}\u00bb][et_pb_column type=\u00bb4_4&#8243; _builder_version=\u00bb4.21.0&#8243; _module_preset=\u00bbdefault\u00bb global_colors_info=\u00bb{}\u00bb][et_pb_text _builder_version=\u00bb4.21.0&#8243; text_font=\u00bb|300|||||||\u00bb text_text_color=\u00bb#DCA427&#8243; text_font_size=\u00bb35px\u00bb header_font=\u00bbPoppins|200||on|||||\u00bb header_text_align=\u00bbcenter\u00bb header_text_color=\u00bb#345B6A\u00bb header_2_font=\u00bb|300||on|||||\u00bb header_2_text_align=\u00bbcenter\u00bb header_2_text_color=\u00bb#345B6A\u00bb header_2_font_size=\u00bb40px\u00bb custom_padding=\u00bb||6px\u00bb header_2_font_size_tablet=\u00bb40px\u00bb header_2_font_size_phone=\u00bb32px\u00bb header_2_font_size_last_edited=\u00bbon|phone\u00bb locked=\u00bboff\u00bb global_colors_info=\u00bb{}\u00bb]<\/p>\n<h2 style=\"text-align: left;\"><strong>POL\u00cdTICA DE PRIVACIDAD<\/strong><\/h2>\n<p>[\/et_pb_text][et_pb_text _builder_version=\u00bb4.23&#8243; text_font=\u00bb|300|||||||\u00bb text_text_color=\u00bbrgba(0,0,0,0.8)\u00bb text_font_size=\u00bb18px\u00bb header_3_font=\u00bb|300|||||||\u00bb header_3_text_align=\u00bbleft\u00bb header_3_text_color=\u00bb#345B6A\u00bb header_3_font_size=\u00bb30px\u00bb header_3_line_height=\u00bb1.1em\u00bb module_alignment=\u00bbcenter\u00bb locked=\u00bboff\u00bb global_colors_info=\u00bb{}\u00bb]<\/p>\n<p>El presente Pol\u00edtica de Privacidad establece los t\u00e9rminos en que <span>Miguel \u00c1ngel Valera Arnanz (<\/span>Dermatolog\u00eda veterianaria Madrid) usa y protege la informaci\u00f3n que es proporcionada por sus usuarios al momento de utilizar su sitio web. Esta compa\u00f1\u00eda est\u00e1 comprometida con la seguridad de los datos de sus usuarios. Cuando le pedimos llenar los campos de informaci\u00f3n personal con la cual usted pueda ser identificado, lo hacemos asegurando que s\u00f3lo se emplear\u00e1 de acuerdo con los t\u00e9rminos de este documento. Sin embargo esta Pol\u00edtica de Privacidad puede cambiar con el tiempo o ser actualizada por lo que le recomendamos y enfatizamos revisar continuamente esta p\u00e1gina para asegurarse que est\u00e1 de acuerdo con dichos cambios.<\/p>\n<p><strong>Informaci\u00f3n que es recogida<\/strong><br \/>Nuestro sitio web podr\u00e1 recoger informaci\u00f3n personal por ejemplo: Nombre,\u00a0 informaci\u00f3n de contacto como\u00a0 su direcci\u00f3n de correo electr\u00f3nica e informaci\u00f3n demogr\u00e1fica. As\u00ed mismo cuando sea necesario podr\u00e1 ser requerida informaci\u00f3n espec\u00edfica para procesar alg\u00fan pedido o realizar una entrega o facturaci\u00f3n.<\/p>\n<p><strong>Uso de la informaci\u00f3n recogida<\/strong><br \/>Nuestro sitio web emplea la informaci\u00f3n con el fin de proporcionar el mejor servicio posible, particularmente para mantener un registro de usuarios, de pedidos en caso que aplique, y mejorar nuestros productos y servicios. \u00a0Es posible que sean enviados correos electr\u00f3nicos peri\u00f3dicamente a trav\u00e9s de nuestro sitio con ofertas especiales, nuevos productos y otra informaci\u00f3n publicitaria que consideremos relevante para usted o que pueda brindarle alg\u00fan beneficio, estos correos electr\u00f3nicos ser\u00e1n enviados a la direcci\u00f3n que usted proporcione y podr\u00e1n ser cancelados en cualquier momento.<\/p>\n<p><span>Miguel \u00c1ngel Valera Arnanz (<\/span>Dermatolog\u00eda veterianaria Madrid) est\u00e1 altamente comprometido para cumplir con el compromiso de mantener su informaci\u00f3n segura. Usamos los sistemas m\u00e1s avanzados y los actualizamos constantemente para asegurarnos que no exista ning\u00fan acceso no autorizado.<\/p>\n<p><strong>Cookies<\/strong><br \/>Una cookie se refiere a un fichero que es enviado con la finalidad de solicitar permiso para almacenarse en su ordenador, al aceptar dicho fichero se crea y la cookie sirve entonces para tener informaci\u00f3n respecto al tr\u00e1fico web, y tambi\u00e9n facilita las futuras visitas a una web recurrente. Otra funci\u00f3n que tienen las cookies es que con ellas las web pueden reconocerte individualmente y por tanto brindarte el mejor servicio personalizado de su web.<\/p>\n<p>Nuestro sitio web emplea las cookies para poder identificar las p\u00e1ginas que son visitadas y su frecuencia. Esta informaci\u00f3n es empleada \u00fanicamente para an\u00e1lisis estad\u00edstico y despu\u00e9s la informaci\u00f3n se elimina de forma permanente. Usted puede eliminar las cookies en cualquier momento desde su ordenador. Sin embargo las cookies ayudan a proporcionar un mejor servicio de los sitios web, est\u00e1s no dan acceso a informaci\u00f3n de su ordenador ni de usted, a menos de que usted as\u00ed lo quiera y la proporcione directamente\u00a0noticias. Usted puede aceptar o negar el uso de cookies, sin embargo la mayor\u00eda de navegadores aceptan cookies autom\u00e1ticamente pues sirve para tener un mejor servicio web. Tambi\u00e9n usted puede cambiar la configuraci\u00f3n de su ordenador para declinar las cookies. Si se declinan es posible que no pueda utilizar algunos de nuestros servicios.<\/p>\n<p><strong>Enlaces a Terceros<\/strong><br \/>Este sitio web pudiera contener en laces a otros sitios que pudieran ser de su inter\u00e9s. Una vez que usted de clic en estos enlaces y abandone nuestra p\u00e1gina, ya no tenemos control sobre al sitio al que es redirigido y por lo tanto no somos responsables de los\u00a0t\u00e9rminos o privacidad\u00a0ni de la protecci\u00f3n de sus datos en esos otros sitios terceros. Dichos sitios est\u00e1n sujetos a sus propias pol\u00edticas de privacidad por lo cual es recomendable que los consulte para confirmar que usted est\u00e1 de acuerdo con estas.<\/p>\n<p><strong>Control de su informaci\u00f3n personal<\/strong><br \/>En cualquier momento usted puede restringir la recopilaci\u00f3n o el uso de la informaci\u00f3n personal que es proporcionada a nuestro sitio web.\u00a0 Cada vez que se le solicite rellenar un formulario, como el de alta de usuario, puede marcar o desmarcar la opci\u00f3n de recibir informaci\u00f3n por correo electr\u00f3nico. \u00a0En caso de que haya marcado la opci\u00f3n de recibir nuestro bolet\u00edn o publicidad usted puede cancelarla en cualquier momento.<br \/>Esta compa\u00f1\u00eda no vender\u00e1, ceder\u00e1 ni distribuir\u00e1 la informaci\u00f3n personal que es recopilada sin su consentimiento, salvo que sea requerido por un juez con un orden judicial.<br \/><span>Miguel \u00c1ngel Valera Arnanz (<\/span>Dermatolog\u00eda veterianaria Madrid) se reserva el derecho de cambiar los t\u00e9rminos de la presente Pol\u00edtica de Privacidad en cualquier momento.<\/p>\n<p>[\/et_pb_text][\/et_pb_column][\/et_pb_row][et_pb_row column_structure=\u00bb1_3,1_3,1_3&#8243; _builder_version=\u00bb4.21.0&#8243; _module_preset=\u00bbdefault\u00bb background_color=\u00bbRGBA(255,255,255,0)\u00bb custom_margin=\u00bb-100px||||false|false\u00bb custom_padding=\u00bb||0px||false|false\u00bb sticky_position=\u00bbtop\u00bb border_radii=\u00bboff||||\u00bb border_color_top=\u00bb#6AA2BF\u00bb box_shadow_style=\u00bbpreset2&#8243; box_shadow_spread=\u00bb-25px\u00bb box_shadow_color=\u00bb#6AA2BF\u00bb box_shadow_blur_last_edited=\u00bboff|desktop\u00bb locked=\u00bboff\u00bb global_colors_info=\u00bb{}\u00bb background__sticky_enabled=\u00bbon|sticky\u00bb background_color__sticky=\u00bb#eaf2f7&#8243; background_enable_color__sticky=\u00bbon\u00bb box_shadow_blur__sticky_enabled=\u00bboff|desktop\u00bb box_shadow_spread__sticky_enabled=\u00bbon|desktop\u00bb box_shadow_spread__sticky=\u00bb0px\u00bb border_radii__sticky_enabled=\u00bbon|sticky\u00bb border_radii__sticky=\u00bboff|||40px|40px\u00bb border_width_top__sticky_enabled=\u00bbon|desktop\u00bb border_width_top__sticky=\u00bb2px\u00bb background_image__sticky=\u00bbhttps:\/\/dermatologiaveterinariamadrid.com\/wp-content\/uploads\/2023\/06\/Hero-Labios.jpg\u00bb background_enable_image__sticky=\u00bbon\u00bb background_size__sticky=\u00bbcustom\u00bb background_position__sticky=\u00bbtop_right\u00bb parallax__sticky=\u00bboff\u00bb background_image_width__sticky=\u00bb26%\u00bb background_color_gradient_stops__sticky=\u00bb#eaf2f7 0%|rgba(220,164,39,0.45) 100%\u00bb use_background_color_gradient__sticky=\u00bbon\u00bb background_color_gradient_overlays_image__sticky=\u00bbon\u00bb background_color_gradient_direction__sticky=\u00bb90deg\u00bb][et_pb_column type=\u00bb1_3&#8243; _builder_version=\u00bb4.21.0&#8243; _module_preset=\u00bbdefault\u00bb global_colors_info=\u00bb{}\u00bb][et_pb_text content_tablet=\u00bb<\/p>\n<h1 style=%22text-align: center;font-size: 20px;%22>Segunda Opini\u00f3n <strong>ONLINE<\/strong><\/h1>\n<p>\u00bb content_phone=\u00bb<\/p>\n<h1 style=%22text-align: center;font-size: 20px;%22>Segunda Opini\u00f3n <strong>ONLINE<\/strong><\/h1>\n<p>\u00bb content_last_edited=\u00bbon|desktop\u00bb _builder_version=\u00bb4.23&#8243; _module_preset=\u00bbdefault\u00bb text_text_color=\u00bb#ffffff\u00bb header_font=\u00bb|300|||||||\u00bb header_text_align=\u00bbright\u00bb header_text_color=\u00bbRGBA(255,255,255,0)\u00bb header_line_height=\u00bb1.6em\u00bb background_enable_color=\u00bboff\u00bb width=\u00bb100%\u00bb width_tablet=\u00bb100%\u00bb width_phone=\u00bb99%\u00bb width_last_edited=\u00bbon|phone\u00bb max_width=\u00bb100%\u00bb max_width_tablet=\u00bb100%\u00bb max_width_phone=\u00bbnone\u00bb max_width_last_edited=\u00bbon|phone\u00bb module_alignment=\u00bbleft\u00bb custom_margin=\u00bb14px|||8px|false|false\u00bb custom_margin_tablet=\u00bb77px|||0px|false|false\u00bb custom_margin_phone=\u00bb||||false|false\u00bb custom_margin_last_edited=\u00bbon|phone\u00bb custom_padding=\u00bb|||11px|false|false\u00bb custom_padding_tablet=\u00bb|||0px|false|false\u00bb custom_padding_phone=\u00bb|||0px|false|false\u00bb custom_padding_last_edited=\u00bbon|desktop\u00bb header_text_align_tablet=\u00bbright\u00bb header_text_align_phone=\u00bbcenter\u00bb header_text_align_last_edited=\u00bbon|phone\u00bb module_alignment_tablet=\u00bbleft\u00bb module_alignment_phone=\u00bbcenter\u00bb module_alignment_last_edited=\u00bbon|phone\u00bb border_color_bottom=\u00bb#345B6A\u00bb locked=\u00bboff\u00bb global_colors_info=\u00bb{}\u00bb max_width__hover_enabled=\u00bboff|desktop\u00bb header_text_color__sticky_enabled=\u00bbon|sticky\u00bb header_text_color__sticky=\u00bb#345b6a\u00bb]<\/p>\n<h1 style=\"text-align: center;\">Segunda Opini\u00f3n <strong>ONLINE<\/strong><\/h1>\n<p>[\/et_pb_text][\/et_pb_column][et_pb_column type=\u00bb1_3&#8243; _builder_version=\u00bb4.21.0&#8243; _module_preset=\u00bbdefault\u00bb global_colors_info=\u00bb{}\u00bb][et_pb_button button_url=\u00bbhttps:\/\/dermatologiaveterinariamadrid.com\/cita\/\u00bb button_text=\u00bb\u00a1PIDE TU CITA HOY!\u00bb button_alignment=\u00bbcenter\u00bb button_alignment_tablet=\u00bbcenter\u00bb button_alignment_phone=\u00bbcenter\u00bb button_alignment_last_edited=\u00bbon|phone\u00bb _builder_version=\u00bb4.23&#8243; _module_preset=\u00bbdefault\u00bb custom_button=\u00bbon\u00bb button_text_size=\u00bb23px\u00bb button_text_color=\u00bb#ffffff\u00bb button_bg_color=\u00bb#f85900&#8243; button_border_width=\u00bb0px\u00bb custom_margin=\u00bb11px||||false|false\u00bb custom_margin_tablet=\u00bb-32px||||false|false\u00bb custom_margin_phone=\u00bb-32px||||false|false\u00bb custom_margin_last_edited=\u00bbon|phone\u00bb button_text_size_tablet=\u00bb20px\u00bb button_text_size_phone=\u00bb20px\u00bb button_text_size_last_edited=\u00bbon|phone\u00bb global_colors_info=\u00bb{}\u00bb button_border_width__hover_enabled=\u00bboff|hover\u00bb button_border_width__hover=\u00bb0px\u00bb button_border_color__hover_enabled=\u00bboff|desktop\u00bb button_border_color__hover=\u00bb#345B6A\u00bb][\/et_pb_button][\/et_pb_column][et_pb_column type=\u00bb1_3&#8243; _builder_version=\u00bb4.21.0&#8243; _module_preset=\u00bbdefault\u00bb global_colors_info=\u00bb{}\u00bb][et_pb_text _builder_version=\u00bb4.23&#8243; _module_preset=\u00bbdefault\u00bb text_text_color=\u00bb#ffffff\u00bb header_font=\u00bb|300|||||||\u00bb header_text_align=\u00bbright\u00bb header_text_color=\u00bbRGBA(255,255,255,0)\u00bb header_line_height=\u00bb1.6em\u00bb background_enable_color=\u00bboff\u00bb width=\u00bb100%\u00bb width_tablet=\u00bb100%\u00bb width_phone=\u00bb99%\u00bb width_last_edited=\u00bbon|phone\u00bb max_width=\u00bb100%\u00bb max_width_tablet=\u00bb100%\u00bb max_width_phone=\u00bbnone\u00bb max_width_last_edited=\u00bbon|phone\u00bb module_alignment=\u00bbleft\u00bb custom_margin=\u00bb9px|||-9px|false|false\u00bb custom_margin_tablet=\u00bb-22px|||0px|false|false\u00bb custom_margin_phone=\u00bb||||false|false\u00bb custom_margin_last_edited=\u00bbon|phone\u00bb custom_padding=\u00bb0px||||false|false\u00bb hover_enabled=\u00bb0&#8243; header_text_align_tablet=\u00bbright\u00bb header_text_align_phone=\u00bbcenter\u00bb header_text_align_last_edited=\u00bbon|phone\u00bb module_alignment_tablet=\u00bbleft\u00bb module_alignment_phone=\u00bbcenter\u00bb module_alignment_last_edited=\u00bbon|phone\u00bb border_color_bottom=\u00bb#345B6A\u00bb locked=\u00bboff\u00bb global_colors_info=\u00bb{}\u00bb max_width__hover_enabled=\u00bboff|desktop\u00bb header_text_color__sticky_enabled=\u00bbon|sticky\u00bb header_text_color__sticky=\u00bb#345b6a\u00bb content_last_edited=\u00bbon|phone\u00bb sticky_enabled=\u00bb0&#8243; content_tablet=\u00bb<\/p>\n<h1 style=%22line-height: 1; font-size: 20px; text-align: center;%22><span data-contrast=%22auto%22 xml:lang=%22ES-ES%22 lang=%22ES-ES%22 class=%22TextRun SCXW174768189 BCX0%22><span class=%22NormalTextRun SCXW174768189 BCX0%22> Ll\u00e1manos al tel\u00e9fono<\/span><\/span><\/h1>\n<h1 style=%22text-align: center; font-size: 20px;%22><span data-contrast=%22auto%22 xml:lang=%22ES-ES%22 lang=%22ES-ES%22 class=%22TextRun SCXW174768189 BCX0%22><span class=%22NormalTextRun SCXW174768189 BCX0%22><strong>91 619 27 95 <\/strong><\/span><\/span><span class=%22EOP SCXW174768189 BCX0%22 data-ccp-props=%22{%22 201341983=%22%22 :0=%22%22 335559738=%22%22 :240=%22%22 335559739=%22%22 :200=%22%22 335559740=%22%22 :276=%22%22> <\/span><\/h1>\n<p>\u00bb content_phone=\u00bb<\/p>\n<h1 style=%22text-align: center; line-height: 1; font-size: 20px;%22><span data-contrast=%22auto%22 xml:lang=%22ES-ES%22 lang=%22ES-ES%22 class=%22TextRun SCXW174768189 BCX0%22><span class=%22NormalTextRun SCXW174768189 BCX0%22> Ll\u00e1manos al tel\u00e9fono<\/span><\/span><\/h1>\n<h1 style=%22text-align: center; font-size: 20px;%22><span data-contrast=%22auto%22 xml:lang=%22ES-ES%22 lang=%22ES-ES%22 class=%22TextRun SCXW174768189 BCX0%22><span class=%22NormalTextRun SCXW174768189 BCX0%22><strong>91 619 27 95 <\/strong><\/span><\/span><span class=%22EOP SCXW174768189 BCX0%22 data-ccp-props=%22{%22 201341983=%22%22 :0=%22%22 335559738=%22%22 :240=%22%22 335559739=%22%22 :200=%22%22 335559740=%22%22 :276=%22%22> <\/span><\/h1>\n<p>\u00ab]<\/p>\n<h1 style=\"text-align: center; line-height: 1;\"><span data-contrast=\"auto\" xml:lang=\"ES-ES\" lang=\"ES-ES\" class=\"TextRun SCXW174768189 BCX0\"><span class=\"NormalTextRun SCXW174768189 BCX0\"> Ll\u00e1manos al tel\u00e9fono<\/span><\/span><\/h1>\n<h1 style=\"text-align: center;\"><span data-contrast=\"auto\" xml:lang=\"ES-ES\" lang=\"ES-ES\" class=\"TextRun SCXW174768189 BCX0\"><span class=\"NormalTextRun SCXW174768189 BCX0\"><strong>91 619 27 95 <\/strong><\/span><\/span><span class=\"EOP SCXW174768189 BCX0\" data-ccp-props=\"{\" 201341983=\"\" :0=\"\" 335559738=\"\" :240=\"\" 335559739=\"\" :200=\"\" 335559740=\"\" :276=\"\"> <\/span><\/h1>\n<p>[\/et_pb_text][\/et_pb_column][\/et_pb_row][\/et_pb_section]<\/p>\n","protected":false},"excerpt":{"rendered":"<p>POL\u00cdTICA DE PRIVACIDADEl presente Pol\u00edtica de Privacidad establece los t\u00e9rminos en que Miguel \u00c1ngel Valera Arnanz (Dermatolog\u00eda veterianaria Madrid) usa y protege la informaci\u00f3n que es proporcionada por sus usuarios al momento de utilizar su sitio web. Esta compa\u00f1\u00eda est\u00e1 comprometida con la seguridad de los datos de sus usuarios. Cuando le pedimos llenar los [&hellip;]<\/p>\n","protected":false},"author":3,"featured_media":0,"parent":0,"menu_order":0,"comment_status":"closed","ping_status":"closed","template":"","meta":{"_et_pb_use_builder":"on","_et_pb_old_content":"","_et_gb_content_width":"","_joinchat":[],"footnotes":""},"class_list":["post-231845","page","type-page","status-publish","hentry"],"yoast_head":"<!-- This site is optimized with the Yoast SEO plugin v27.3 - https:\/\/yoast.com\/product\/yoast-seo-wordpress\/ -->\n<title>Pol\u00edtica de Privacidad - Dermatolog&iacute;a Veterinaria Madrid<\/title>\n<meta name=\"robots\" content=\"index, follow, max-snippet:-1, max-image-preview:large, max-video-preview:-1\" \/>\n<link rel=\"canonical\" href=\"https:\/\/dermatologiaveterinariamadrid.com\/en\/politica-de-privacidad\/\" \/>\n<meta property=\"og:locale\" content=\"en_GB\" \/>\n<meta property=\"og:type\" content=\"article\" \/>\n<meta property=\"og:title\" content=\"Pol\u00edtica de Privacidad - Dermatolog&iacute;a Veterinaria Madrid\" \/>\n<meta property=\"og:description\" content=\"POL\u00cdTICA DE PRIVACIDADEl presente Pol\u00edtica de Privacidad establece los t\u00e9rminos en que Miguel \u00c1ngel Valera Arnanz (Dermatolog\u00eda veterianaria Madrid) usa y protege la informaci\u00f3n que es proporcionada por sus usuarios al momento de utilizar su sitio web. Esta compa\u00f1\u00eda est\u00e1 comprometida con la seguridad de los datos de sus usuarios. Cuando le pedimos llenar los [&hellip;]\" \/>\n<meta property=\"og:url\" content=\"https:\/\/dermatologiaveterinariamadrid.com\/en\/politica-de-privacidad\/\" \/>\n<meta property=\"og:site_name\" content=\"Dermatolog&iacute;a Veterinaria Madrid\" \/>\n<meta property=\"article:modified_time\" content=\"2023-11-08T12:07:25+00:00\" \/>\n<meta name=\"twitter:card\" content=\"summary_large_image\" \/>\n<meta name=\"twitter:label1\" content=\"Estimated reading time\" \/>\n\t<meta name=\"twitter:data1\" content=\"9 minutes\" \/>\n<script type=\"application\/ld+json\" class=\"yoast-schema-graph\">{\"@context\":\"https:\\\/\\\/schema.org\",\"@graph\":[{\"@type\":\"WebPage\",\"@id\":\"https:\\\/\\\/dermatologiaveterinariamadrid.com\\\/politica-de-privacidad\\\/\",\"url\":\"https:\\\/\\\/dermatologiaveterinariamadrid.com\\\/politica-de-privacidad\\\/\",\"name\":\"Pol\u00edtica de Privacidad - Dermatolog&iacute;a Veterinaria Madrid\",\"isPartOf\":{\"@id\":\"https:\\\/\\\/dermatologiaveterinariamadrid.com\\\/#website\"},\"datePublished\":\"2023-09-18T10:34:38+00:00\",\"dateModified\":\"2023-11-08T12:07:25+00:00\",\"breadcrumb\":{\"@id\":\"https:\\\/\\\/dermatologiaveterinariamadrid.com\\\/politica-de-privacidad\\\/#breadcrumb\"},\"inLanguage\":\"en-GB\",\"potentialAction\":[{\"@type\":\"ReadAction\",\"target\":[\"https:\\\/\\\/dermatologiaveterinariamadrid.com\\\/politica-de-privacidad\\\/\"]}]},{\"@type\":\"BreadcrumbList\",\"@id\":\"https:\\\/\\\/dermatologiaveterinariamadrid.com\\\/politica-de-privacidad\\\/#breadcrumb\",\"itemListElement\":[{\"@type\":\"ListItem\",\"position\":1,\"name\":\"Portada\",\"item\":\"https:\\\/\\\/dermatologiaveterinariamadrid.com\\\/\"},{\"@type\":\"ListItem\",\"position\":2,\"name\":\"Pol\u00edtica de Privacidad\"}]},{\"@type\":\"WebSite\",\"@id\":\"https:\\\/\\\/dermatologiaveterinariamadrid.com\\\/#website\",\"url\":\"https:\\\/\\\/dermatologiaveterinariamadrid.com\\\/\",\"name\":\"Dermatolog\u00eda Veterinaria Madrid\",\"description\":\"Dermatolog&iacute;a Veterinaria\",\"publisher\":{\"@id\":\"https:\\\/\\\/dermatologiaveterinariamadrid.com\\\/#organization\"},\"potentialAction\":[{\"@type\":\"SearchAction\",\"target\":{\"@type\":\"EntryPoint\",\"urlTemplate\":\"https:\\\/\\\/dermatologiaveterinariamadrid.com\\\/?s={search_term_string}\"},\"query-input\":{\"@type\":\"PropertyValueSpecification\",\"valueRequired\":true,\"valueName\":\"search_term_string\"}}],\"inLanguage\":\"en-GB\"},{\"@type\":\"Organization\",\"@id\":\"https:\\\/\\\/dermatologiaveterinariamadrid.com\\\/#organization\",\"name\":\"Dermatolog\u00eda Veterinaria Madrid\",\"url\":\"https:\\\/\\\/dermatologiaveterinariamadrid.com\\\/\",\"logo\":{\"@type\":\"ImageObject\",\"inLanguage\":\"en-GB\",\"@id\":\"https:\\\/\\\/dermatologiaveterinariamadrid.com\\\/#\\\/schema\\\/logo\\\/image\\\/\",\"url\":\"https:\\\/\\\/dermatologiaveterinariamadrid.com\\\/wp-content\\\/uploads\\\/2023\\\/08\\\/Marca_CONCHITA_DVM_horizontal_-removebg-preview.png\",\"contentUrl\":\"https:\\\/\\\/dermatologiaveterinariamadrid.com\\\/wp-content\\\/uploads\\\/2023\\\/08\\\/Marca_CONCHITA_DVM_horizontal_-removebg-preview.png\",\"width\":767,\"height\":325,\"caption\":\"Dermatolog\u00eda Veterinaria Madrid\"},\"image\":{\"@id\":\"https:\\\/\\\/dermatologiaveterinariamadrid.com\\\/#\\\/schema\\\/logo\\\/image\\\/\"},\"sameAs\":[\"https:\\\/\\\/www.instagram.com\\\/dermatologa_veterinaria\"]}]}<\/script>\n<!-- \/ Yoast SEO plugin. -->","yoast_head_json":{"title":"Pol\u00edtica de Privacidad - Dermatolog&iacute;a Veterinaria Madrid","robots":{"index":"index","follow":"follow","max-snippet":"max-snippet:-1","max-image-preview":"max-image-preview:large","max-video-preview":"max-video-preview:-1"},"canonical":"https:\/\/dermatologiaveterinariamadrid.com\/en\/politica-de-privacidad\/","og_locale":"en_GB","og_type":"article","og_title":"Pol\u00edtica de Privacidad - Dermatolog&iacute;a Veterinaria Madrid","og_description":"POL\u00cdTICA DE PRIVACIDADEl presente Pol\u00edtica de Privacidad establece los t\u00e9rminos en que Miguel \u00c1ngel Valera Arnanz (Dermatolog\u00eda veterianaria Madrid) usa y protege la informaci\u00f3n que es proporcionada por sus usuarios al momento de utilizar su sitio web. Esta compa\u00f1\u00eda est\u00e1 comprometida con la seguridad de los datos de sus usuarios. Cuando le pedimos llenar los [&hellip;]","og_url":"https:\/\/dermatologiaveterinariamadrid.com\/en\/politica-de-privacidad\/","og_site_name":"Dermatolog&iacute;a Veterinaria Madrid","article_modified_time":"2023-11-08T12:07:25+00:00","twitter_card":"summary_large_image","twitter_misc":{"Estimated reading time":"9 minutes"},"schema":{"@context":"https:\/\/schema.org","@graph":[{"@type":"WebPage","@id":"https:\/\/dermatologiaveterinariamadrid.com\/politica-de-privacidad\/","url":"https:\/\/dermatologiaveterinariamadrid.com\/politica-de-privacidad\/","name":"Pol\u00edtica de Privacidad - Dermatolog&iacute;a Veterinaria Madrid","isPartOf":{"@id":"https:\/\/dermatologiaveterinariamadrid.com\/#website"},"datePublished":"2023-09-18T10:34:38+00:00","dateModified":"2023-11-08T12:07:25+00:00","breadcrumb":{"@id":"https:\/\/dermatologiaveterinariamadrid.com\/politica-de-privacidad\/#breadcrumb"},"inLanguage":"en-GB","potentialAction":[{"@type":"ReadAction","target":["https:\/\/dermatologiaveterinariamadrid.com\/politica-de-privacidad\/"]}]},{"@type":"BreadcrumbList","@id":"https:\/\/dermatologiaveterinariamadrid.com\/politica-de-privacidad\/#breadcrumb","itemListElement":[{"@type":"ListItem","position":1,"name":"Portada","item":"https:\/\/dermatologiaveterinariamadrid.com\/"},{"@type":"ListItem","position":2,"name":"Pol\u00edtica de Privacidad"}]},{"@type":"WebSite","@id":"https:\/\/dermatologiaveterinariamadrid.com\/#website","url":"https:\/\/dermatologiaveterinariamadrid.com\/","name":"Dermatolog\u00eda Veterinaria Madrid","description":"Dermatolog&iacute;a Veterinaria","publisher":{"@id":"https:\/\/dermatologiaveterinariamadrid.com\/#organization"},"potentialAction":[{"@type":"SearchAction","target":{"@type":"EntryPoint","urlTemplate":"https:\/\/dermatologiaveterinariamadrid.com\/?s={search_term_string}"},"query-input":{"@type":"PropertyValueSpecification","valueRequired":true,"valueName":"search_term_string"}}],"inLanguage":"en-GB"},{"@type":"Organization","@id":"https:\/\/dermatologiaveterinariamadrid.com\/#organization","name":"Dermatolog\u00eda Veterinaria Madrid","url":"https:\/\/dermatologiaveterinariamadrid.com\/","logo":{"@type":"ImageObject","inLanguage":"en-GB","@id":"https:\/\/dermatologiaveterinariamadrid.com\/#\/schema\/logo\/image\/","url":"https:\/\/dermatologiaveterinariamadrid.com\/wp-content\/uploads\/2023\/08\/Marca_CONCHITA_DVM_horizontal_-removebg-preview.png","contentUrl":"https:\/\/dermatologiaveterinariamadrid.com\/wp-content\/uploads\/2023\/08\/Marca_CONCHITA_DVM_horizontal_-removebg-preview.png","width":767,"height":325,"caption":"Dermatolog\u00eda Veterinaria Madrid"},"image":{"@id":"https:\/\/dermatologiaveterinariamadrid.com\/#\/schema\/logo\/image\/"},"sameAs":["https:\/\/www.instagram.com\/dermatologa_veterinaria"]}]}},"_links":{"self":[{"href":"https:\/\/dermatologiaveterinariamadrid.com\/en\/wp-json\/wp\/v2\/pages\/231845","targetHints":{"allow":["GET"]}}],"collection":[{"href":"https:\/\/dermatologiaveterinariamadrid.com\/en\/wp-json\/wp\/v2\/pages"}],"about":[{"href":"https:\/\/dermatologiaveterinariamadrid.com\/en\/wp-json\/wp\/v2\/types\/page"}],"author":[{"embeddable":true,"href":"https:\/\/dermatologiaveterinariamadrid.com\/en\/wp-json\/wp\/v2\/users\/3"}],"replies":[{"embeddable":true,"href":"https:\/\/dermatologiaveterinariamadrid.com\/en\/wp-json\/wp\/v2\/comments?post=231845"}],"version-history":[{"count":7,"href":"https:\/\/dermatologiaveterinariamadrid.com\/en\/wp-json\/wp\/v2\/pages\/231845\/revisions"}],"predecessor-version":[{"id":232321,"href":"https:\/\/dermatologiaveterinariamadrid.com\/en\/wp-json\/wp\/v2\/pages\/231845\/revisions\/232321"}],"wp:attachment":[{"href":"https:\/\/dermatologiaveterinariamadrid.com\/en\/wp-json\/wp\/v2\/media?parent=231845"}],"curies":[{"name":"wp","href":"https:\/\/api.w.org\/{rel}","templated":true}]}}