{"id":231841,"date":"2023-09-18T10:31:45","date_gmt":"2023-09-18T10:31:45","guid":{"rendered":"https:\/\/dermatologiaveterinariamadrid.com\/?page_id=231841"},"modified":"2023-11-08T11:55:34","modified_gmt":"2023-11-08T11:55:34","slug":"politica-de-cookies","status":"publish","type":"page","link":"https:\/\/dermatologiaveterinariamadrid.com\/en\/politica-de-cookies\/","title":{"rendered":"Pol\u00edtica de Cookies"},"content":{"rendered":"<p>[et_pb_section fb_built=\u00bb1&#8243; _builder_version=\u00bb4.21.0&#8243; _module_preset=\u00bbdefault\u00bb background_color=\u00bb#DCA427&#8243; use_background_color_gradient=\u00bbon\u00bb background_color_gradient_stops=\u00bb#26576b 0%|rgba(141,198,221,0.26) 8%\u00bb background_image=\u00bbhttps:\/\/dermatologiaveterinariamadrid.com\/wp-content\/uploads\/2023\/06\/otros-tratamientos.jpg\u00bb background_blend=\u00bbsoft-light\u00bb min_height=\u00bb100vh\u00bb locked=\u00bboff\u00bb global_colors_info=\u00bb{}\u00bb][et_pb_row _builder_version=\u00bb4.21.0&#8243; _module_preset=\u00bbdefault\u00bb custom_margin=\u00bb1px|auto||auto|false|false\u00bb global_colors_info=\u00bb{}\u00bb][et_pb_column type=\u00bb4_4&#8243; _builder_version=\u00bb4.21.0&#8243; _module_preset=\u00bbdefault\u00bb global_colors_info=\u00bb{}\u00bb][et_pb_text _builder_version=\u00bb4.21.0&#8243; text_font=\u00bb|300|||||||\u00bb text_text_color=\u00bb#DCA427&#8243; text_font_size=\u00bb35px\u00bb header_font=\u00bbPoppins|200||on|||||\u00bb header_text_align=\u00bbcenter\u00bb header_text_color=\u00bb#345B6A\u00bb header_2_font=\u00bb|300||on|||||\u00bb header_2_text_align=\u00bbcenter\u00bb header_2_text_color=\u00bb#345B6A\u00bb header_2_font_size=\u00bb40px\u00bb custom_padding=\u00bb||6px\u00bb header_2_font_size_tablet=\u00bb40px\u00bb header_2_font_size_phone=\u00bb32px\u00bb header_2_font_size_last_edited=\u00bbon|phone\u00bb locked=\u00bboff\u00bb global_colors_info=\u00bb{}\u00bb]<\/p>\n<h2 style=\"text-align: left;\"><strong>Pol\u00edtica de cookies<\/strong><\/h2>\n<p>[\/et_pb_text][et_pb_text _builder_version=\u00bb4.21.0&#8243; text_font=\u00bb|300|||||||\u00bb text_text_color=\u00bbrgba(0,0,0,0.8)\u00bb text_font_size=\u00bb18px\u00bb header_3_font=\u00bb|300|||||||\u00bb header_3_text_align=\u00bbleft\u00bb header_3_text_color=\u00bb#345B6A\u00bb header_3_font_size=\u00bb30px\u00bb header_3_line_height=\u00bb1.1em\u00bb module_alignment=\u00bbcenter\u00bb locked=\u00bboff\u00bb global_colors_info=\u00bb{}\u00bb]<\/p>\n<p>Una<em>\u00a0cookie<\/em>\u00a0es un peque\u00f1o fichero de texto que se almacena en su navegador cuando visita casi cualquier p\u00e1gina web. Su utilidad es que la web sea capaz de recordar su visita cuando vuelva a navegar por esa p\u00e1gina. Las\u00a0<em>cookies<\/em>\u00a0suelen almacenar informaci\u00f3n de car\u00e1cter t\u00e9cnico, preferencias personales, personalizaci\u00f3n de contenidos, estad\u00edsticas de uso, enlaces a redes sociales, acceso a cuentas de usuario, etc. El objetivo de la\u00a0<em>cookie\u00a0<\/em>es adaptar el contenido de la web a su perfil y necesidades, sin\u00a0cookies\u00a0los servicios ofrecidos por cualquier p\u00e1gina se ver\u00edan mermados notablemente. Si desea consultar m\u00e1s informaci\u00f3n sobre qu\u00e9 son las\u00a0<em>cookies<\/em>, qu\u00e9 almacenan, c\u00f3mo eliminarlas, desactivarlas, etc.,<\/p>\n<p><strong>Cookies utilizadas en este sitio web<\/strong><\/p>\n<p>Siguiendo las directrices de la Agencia Espa\u00f1ola de Protecci\u00f3n de Datos procedemos a detallar el uso de\u00a0<em>cookies<\/em>\u00a0que hace esta web con el fin de informarle con la m\u00e1xima exactitud posible.<\/p>\n<p>Este sitio web utiliza las siguientes\u00a0<strong>cookies propias:<\/strong><\/p>\n<ul>\n<li>Cookies de sesi\u00f3n, para garantizar que los usuarios que escriban comentarios en el blog sean humanos y no aplicaciones automatizadas. De esta forma se combate el\u00a0spam.<\/li>\n<\/ul>\n<p>Este sitio web utiliza las siguientes\u00a0<strong>cookies de terceros:<\/strong><\/p>\n<ul>\n<li>Google Analytics: Almacena\u00a0cookies\u00a0para poder elaborar estad\u00edsticas sobre el tr\u00e1fico y volumen de visitas de esta web. Al utilizar este sitio web est\u00e1 consintiendo el tratamiento de informaci\u00f3n acerca de usted por Google. Por tanto, el ejercicio de cualquier derecho en este sentido deber\u00e1 hacerlo comunicando directamente con Google.<\/li>\n<li>Redes sociales: Cada red social utiliza sus propias\u00a0cookies\u00a0para que usted pueda pinchar en botones del tipo\u00a0<em>Me gusta\u00a0o\u00a0Compartir.<\/em><\/li>\n<\/ul>\n<p>Desactivaci\u00f3n o eliminaci\u00f3n de cookies.<\/p>\n<p>En cualquier momento podr\u00e1 ejercer su derecho de desactivaci\u00f3n o eliminaci\u00f3n de cookies de este sitio web. Estas acciones se realizan de forma diferente en funci\u00f3n del navegador que est\u00e9 usando.<\/p>\n<p>Notas adicionales.<\/p>\n<ul>\n<li>Ni esta web ni sus representantes legales se hacen responsables ni del contenido ni de la veracidad de las pol\u00edticas de privacidad que puedan tener los terceros mencionados en esta pol\u00edtica de\u00a0cookies.<\/li>\n<li>Los navegadores web son las herramientas encargadas de almacenar las\u00a0cookies\u00a0y desde este lugar debe efectuar su derecho a eliminaci\u00f3n o desactivaci\u00f3n de las mismas. Ni esta web ni sus representantes legales pueden garantizar la correcta o incorrecta manipulaci\u00f3n de las\u00a0cookies\u00a0por parte de los mencionados navegadores.<\/li>\n<li>En algunos casos es necesario instalar\u00a0cookies\u00a0para que el navegador no olvide su decisi\u00f3n de no aceptaci\u00f3n de las mismas.<\/li>\n<li>En el caso de las\u00a0cookies\u00a0de Google Analytics, esta empresa almacena las\u00a0cookies\u00a0en servidores ubicados en Estados Unidos y se compromete a no compartirla con terceros, excepto en los casos en los que sea necesario para el funcionamiento del sistema o cuando la ley obligue a tal efecto. Seg\u00fan Google no guarda su direcci\u00f3n IP. Google Inc. es una compa\u00f1\u00eda adherida al Acuerdo de Puerto Seguro que garantiza que todos los datos transferidos ser\u00e1n tratados con un nivel de protecci\u00f3n acorde a la normativa europea. Puede consultar informaci\u00f3n detallada a este respecto\u00a0<a href=\"http:\/\/safeharbor.export.gov\/companyinfo.aspx?id=16626\">en este enlace<\/a>. Si desea informaci\u00f3n sobre el uso que Google da a las cookies\u00a0le adjuntamos<a href=\"https:\/\/developers.google.com\/analytics\/devguides\/collection\/analyticsjs\/cookie-usage?hl=es&amp;csw=1\"><span>\u00a0<\/span>este otro enlace.<\/a><\/li>\n<li>Para cualquier duda o consulta acerca de esta pol\u00edtica de\u00a0cookies\u00a0no dude en comunicarse con nosotros a trav\u00e9s de la secci\u00f3n de contacto.<\/li>\n<\/ul>\n<p>[\/et_pb_text][\/et_pb_column][\/et_pb_row][et_pb_row column_structure=\u00bb1_3,1_3,1_3&#8243; _builder_version=\u00bb4.21.0&#8243; _module_preset=\u00bbdefault\u00bb background_color=\u00bbRGBA(255,255,255,0)\u00bb custom_margin=\u00bb-100px||||false|false\u00bb custom_padding=\u00bb||0px||false|false\u00bb sticky_position=\u00bbtop\u00bb border_radii=\u00bboff||||\u00bb border_color_top=\u00bb#6AA2BF\u00bb box_shadow_style=\u00bbpreset2&#8243; box_shadow_spread=\u00bb-25px\u00bb box_shadow_color=\u00bb#6AA2BF\u00bb box_shadow_blur_last_edited=\u00bboff|desktop\u00bb locked=\u00bboff\u00bb global_colors_info=\u00bb{}\u00bb background__sticky_enabled=\u00bbon|sticky\u00bb background_color__sticky=\u00bb#eaf2f7&#8243; background_enable_color__sticky=\u00bbon\u00bb box_shadow_blur__sticky_enabled=\u00bboff|desktop\u00bb box_shadow_spread__sticky_enabled=\u00bbon|desktop\u00bb box_shadow_spread__sticky=\u00bb0px\u00bb border_radii__sticky_enabled=\u00bbon|sticky\u00bb border_radii__sticky=\u00bboff|||40px|40px\u00bb border_width_top__sticky_enabled=\u00bbon|desktop\u00bb border_width_top__sticky=\u00bb2px\u00bb background_image__sticky=\u00bbhttps:\/\/dermatologiaveterinariamadrid.com\/wp-content\/uploads\/2023\/06\/Hero-Labios.jpg\u00bb background_enable_image__sticky=\u00bbon\u00bb background_size__sticky=\u00bbcustom\u00bb background_position__sticky=\u00bbtop_right\u00bb parallax__sticky=\u00bboff\u00bb background_image_width__sticky=\u00bb26%\u00bb background_color_gradient_stops__sticky=\u00bb#eaf2f7 0%|rgba(220,164,39,0.45) 100%\u00bb use_background_color_gradient__sticky=\u00bbon\u00bb background_color_gradient_overlays_image__sticky=\u00bbon\u00bb background_color_gradient_direction__sticky=\u00bb90deg\u00bb][et_pb_column type=\u00bb1_3&#8243; _builder_version=\u00bb4.21.0&#8243; _module_preset=\u00bbdefault\u00bb global_colors_info=\u00bb{}\u00bb][et_pb_text _builder_version=\u00bb4.23&#8243; _module_preset=\u00bbdefault\u00bb text_text_color=\u00bb#ffffff\u00bb header_font=\u00bb|300|||||||\u00bb header_text_align=\u00bbright\u00bb header_text_color=\u00bbRGBA(255,255,255,0)\u00bb header_line_height=\u00bb1.6em\u00bb background_enable_color=\u00bboff\u00bb width=\u00bb100%\u00bb width_tablet=\u00bb100%\u00bb width_phone=\u00bb99%\u00bb width_last_edited=\u00bbon|phone\u00bb max_width=\u00bb100%\u00bb max_width_tablet=\u00bb100%\u00bb max_width_phone=\u00bbnone\u00bb max_width_last_edited=\u00bbon|phone\u00bb module_alignment=\u00bbleft\u00bb custom_margin=\u00bb14px|||8px|false|false\u00bb custom_margin_tablet=\u00bb77px|||0px|false|false\u00bb custom_margin_phone=\u00bb||||false|false\u00bb custom_margin_last_edited=\u00bbon|tablet\u00bb hover_enabled=\u00bb0&#8243; header_text_align_tablet=\u00bbright\u00bb header_text_align_phone=\u00bbcenter\u00bb header_text_align_last_edited=\u00bbon|phone\u00bb module_alignment_tablet=\u00bbleft\u00bb module_alignment_phone=\u00bbcenter\u00bb module_alignment_last_edited=\u00bbon|phone\u00bb border_color_bottom=\u00bb#345B6A\u00bb locked=\u00bboff\u00bb global_colors_info=\u00bb{}\u00bb max_width__hover_enabled=\u00bboff|desktop\u00bb header_text_color__sticky_enabled=\u00bbon|sticky\u00bb header_text_color__sticky=\u00bb#345b6a\u00bb content_last_edited=\u00bbon|phone\u00bb sticky_enabled=\u00bb0&#8243; content_tablet=\u00bb<\/p>\n<h1 style=%22text-align: center;font-size: 20px;%22>Segunda Opini\u00f3n <strong>ONLINE<\/strong><\/h1>\n<p>\u00bb content_phone=\u00bb<\/p>\n<h1 style=%22text-align: center; font-size: 20px;%22>Segunda Opini\u00f3n <strong>ONLINE<\/strong><\/h1>\n<p>\u00bb custom_padding=\u00bb|||11px|false|false\u00bb custom_padding_last_edited=\u00bbon|phone\u00bb custom_padding_tablet=\u00bb|||0px|false|false\u00bb custom_padding_phone=\u00bb|||0px|false|false\u00bb]<\/p>\n<h1 style=\"text-align: center;\">Segunda Opini\u00f3n <strong>ONLINE<\/strong><\/h1>\n<p>[\/et_pb_text][\/et_pb_column][et_pb_column type=\u00bb1_3&#8243; _builder_version=\u00bb4.21.0&#8243; _module_preset=\u00bbdefault\u00bb global_colors_info=\u00bb{}\u00bb][et_pb_button button_url=\u00bbhttps:\/\/dermatologiaveterinariamadrid.com\/cita\/\u00bb button_text=\u00bb\u00a1PIDE TU CITA HOY!\u00bb button_alignment=\u00bbcenter\u00bb button_alignment_tablet=\u00bbcenter\u00bb button_alignment_phone=\u00bbcenter\u00bb button_alignment_last_edited=\u00bbon|desktop\u00bb _builder_version=\u00bb4.23&#8243; _module_preset=\u00bbdefault\u00bb custom_button=\u00bbon\u00bb button_text_size=\u00bb23px\u00bb button_text_color=\u00bb#ffffff\u00bb button_bg_color=\u00bb#f85900&#8243; button_border_width=\u00bb0px\u00bb custom_margin=\u00bb11px||||false|false\u00bb hover_enabled=\u00bb0&#8243; global_colors_info=\u00bb{}\u00bb button_border_width__hover_enabled=\u00bboff|hover\u00bb button_border_width__hover=\u00bb0px\u00bb button_border_color__hover_enabled=\u00bboff|desktop\u00bb button_border_color__hover=\u00bb#345B6A\u00bb button_text_size_last_edited=\u00bbon|phone\u00bb sticky_enabled=\u00bb0&#8243; button_text_size_tablet=\u00bb20px\u00bb custom_margin_last_edited=\u00bbon|phone\u00bb custom_margin_tablet=\u00bb-32px||||false|false\u00bb button_text_size_phone=\u00bb20px\u00bb custom_margin_phone=\u00bb-32px||||false|false\u00bb][\/et_pb_button][\/et_pb_column][et_pb_column type=\u00bb1_3&#8243; _builder_version=\u00bb4.21.0&#8243; _module_preset=\u00bbdefault\u00bb global_colors_info=\u00bb{}\u00bb][et_pb_text _builder_version=\u00bb4.23&#8243; _module_preset=\u00bbdefault\u00bb text_text_color=\u00bb#ffffff\u00bb header_font=\u00bb|300|||||||\u00bb header_text_align=\u00bbright\u00bb header_text_color=\u00bbRGBA(255,255,255,0)\u00bb header_line_height=\u00bb1.6em\u00bb background_enable_color=\u00bboff\u00bb width=\u00bb100%\u00bb width_tablet=\u00bb100%\u00bb width_phone=\u00bb99%\u00bb width_last_edited=\u00bbon|phone\u00bb max_width=\u00bb100%\u00bb max_width_tablet=\u00bb100%\u00bb max_width_phone=\u00bbnone\u00bb max_width_last_edited=\u00bbon|phone\u00bb module_alignment=\u00bbleft\u00bb custom_margin=\u00bb9px|||-9px|false|false\u00bb custom_margin_tablet=\u00bb-22px|0px||0px|false|false\u00bb custom_margin_phone=\u00bb-15px||||false|false\u00bb custom_margin_last_edited=\u00bbon|phone\u00bb custom_padding=\u00bb0px||||false|false\u00bb hover_enabled=\u00bb0&#8243; header_text_align_tablet=\u00bbright\u00bb header_text_align_phone=\u00bbcenter\u00bb header_text_align_last_edited=\u00bbon|phone\u00bb module_alignment_tablet=\u00bbleft\u00bb module_alignment_phone=\u00bbcenter\u00bb module_alignment_last_edited=\u00bbon|phone\u00bb border_color_bottom=\u00bb#345B6A\u00bb locked=\u00bboff\u00bb global_colors_info=\u00bb{}\u00bb max_width__hover_enabled=\u00bboff|desktop\u00bb header_text_color__sticky_enabled=\u00bbon|sticky\u00bb header_text_color__sticky=\u00bb#345b6a\u00bb content_last_edited=\u00bbon|phone\u00bb sticky_enabled=\u00bb0&#8243; content_tablet=\u00bb<\/p>\n<h1 style=%22line-height: 1; font-size: 20px; text-align: center;%22><span data-contrast=%22auto%22 xml:lang=%22ES-ES%22 lang=%22ES-ES%22 class=%22TextRun SCXW174768189 BCX0%22><span class=%22NormalTextRun SCXW174768189 BCX0%22> Ll\u00e1manos al tel\u00e9fono<\/span><\/span><\/h1>\n<h1 style=%22text-align: center; font-size: 20px;%22><span data-contrast=%22auto%22 xml:lang=%22ES-ES%22 lang=%22ES-ES%22 class=%22TextRun SCXW174768189 BCX0%22><span class=%22NormalTextRun SCXW174768189 BCX0%22><strong>91 619 27 95 <\/strong><\/span><\/span><span class=%22EOP SCXW174768189 BCX0%22 data-ccp-props=%22{%22 201341983=%22%22 :0=%22%22 335559738=%22%22 :240=%22%22 335559739=%22%22 :200=%22%22 335559740=%22%22 :276=%22%22> <\/span><\/h1>\n<p>\u00bb content_phone=\u00bb<\/p>\n<h1 style=%22text-align: center; line-height: 1; font-size: 20px;%22><span data-contrast=%22auto%22 xml:lang=%22ES-ES%22 lang=%22ES-ES%22 class=%22TextRun SCXW174768189 BCX0%22><span class=%22NormalTextRun SCXW174768189 BCX0%22> Ll\u00e1manos al tel\u00e9fono<\/span><\/span><\/h1>\n<h1 style=%22text-align: center; font-size: 20px;%22><span data-contrast=%22auto%22 xml:lang=%22ES-ES%22 lang=%22ES-ES%22 class=%22TextRun SCXW174768189 BCX0%22><span class=%22NormalTextRun SCXW174768189 BCX0%22><strong>91 619 27 95 <\/strong><\/span><\/span><span class=%22EOP SCXW174768189 BCX0%22 data-ccp-props=%22{%22 201341983=%22%22 :0=%22%22 335559738=%22%22 :240=%22%22 335559739=%22%22 :200=%22%22 335559740=%22%22 :276=%22%22> <\/span><\/h1>\n<p>\u00ab]<\/p>\n<h1 style=\"text-align: center; line-height: 1;\"><span data-contrast=\"auto\" xml:lang=\"ES-ES\" lang=\"ES-ES\" class=\"TextRun SCXW174768189 BCX0\"><span class=\"NormalTextRun SCXW174768189 BCX0\"> Ll\u00e1manos al tel\u00e9fono<\/span><\/span><\/h1>\n<h1 style=\"text-align: center;\"><span data-contrast=\"auto\" xml:lang=\"ES-ES\" lang=\"ES-ES\" class=\"TextRun SCXW174768189 BCX0\"><span class=\"NormalTextRun SCXW174768189 BCX0\"><strong>91 619 27 95 <\/strong><\/span><\/span><span class=\"EOP SCXW174768189 BCX0\" data-ccp-props=\"{\" 201341983=\"\" :0=\"\" 335559738=\"\" :240=\"\" 335559739=\"\" :200=\"\" 335559740=\"\" :276=\"\"> <\/span><\/h1>\n<p>[\/et_pb_text][\/et_pb_column][\/et_pb_row][\/et_pb_section]<\/p>\n","protected":false},"excerpt":{"rendered":"<p>Pol\u00edtica de cookiesUna\u00a0cookie\u00a0es un peque\u00f1o fichero de texto que se almacena en su navegador cuando visita casi cualquier p\u00e1gina web. Su utilidad es que la web sea capaz de recordar su visita cuando vuelva a navegar por esa p\u00e1gina. Las\u00a0cookies\u00a0suelen almacenar informaci\u00f3n de car\u00e1cter t\u00e9cnico, preferencias personales, personalizaci\u00f3n de contenidos, estad\u00edsticas de uso, enlaces a [&hellip;]<\/p>\n","protected":false},"author":3,"featured_media":0,"parent":0,"menu_order":0,"comment_status":"closed","ping_status":"closed","template":"","meta":{"_et_pb_use_builder":"on","_et_pb_old_content":"","_et_gb_content_width":"","_joinchat":[],"footnotes":""},"class_list":["post-231841","page","type-page","status-publish","hentry"],"yoast_head":"<!-- This site is optimized with the Yoast SEO plugin v27.3 - https:\/\/yoast.com\/product\/yoast-seo-wordpress\/ -->\n<title>Pol\u00edtica de Cookies - Dermatolog&iacute;a Veterinaria Madrid<\/title>\n<meta name=\"robots\" content=\"index, follow, max-snippet:-1, max-image-preview:large, max-video-preview:-1\" \/>\n<link rel=\"canonical\" href=\"https:\/\/dermatologiaveterinariamadrid.com\/en\/politica-de-cookies\/\" \/>\n<meta property=\"og:locale\" content=\"en_GB\" \/>\n<meta property=\"og:type\" content=\"article\" \/>\n<meta property=\"og:title\" content=\"Pol\u00edtica de Cookies - Dermatolog&iacute;a Veterinaria Madrid\" \/>\n<meta property=\"og:description\" content=\"Pol\u00edtica de cookiesUna\u00a0cookie\u00a0es un peque\u00f1o fichero de texto que se almacena en su navegador cuando visita casi cualquier p\u00e1gina web. Su utilidad es que la web sea capaz de recordar su visita cuando vuelva a navegar por esa p\u00e1gina. Las\u00a0cookies\u00a0suelen almacenar informaci\u00f3n de car\u00e1cter t\u00e9cnico, preferencias personales, personalizaci\u00f3n de contenidos, estad\u00edsticas de uso, enlaces a [&hellip;]\" \/>\n<meta property=\"og:url\" content=\"https:\/\/dermatologiaveterinariamadrid.com\/en\/politica-de-cookies\/\" \/>\n<meta property=\"og:site_name\" content=\"Dermatolog&iacute;a Veterinaria Madrid\" \/>\n<meta property=\"article:modified_time\" content=\"2023-11-08T11:55:34+00:00\" \/>\n<meta name=\"twitter:card\" content=\"summary_large_image\" \/>\n<meta name=\"twitter:label1\" content=\"Estimated reading time\" \/>\n\t<meta name=\"twitter:data1\" content=\"8 minutes\" \/>\n<script type=\"application\/ld+json\" class=\"yoast-schema-graph\">{\"@context\":\"https:\\\/\\\/schema.org\",\"@graph\":[{\"@type\":\"WebPage\",\"@id\":\"https:\\\/\\\/dermatologiaveterinariamadrid.com\\\/politica-de-cookies\\\/\",\"url\":\"https:\\\/\\\/dermatologiaveterinariamadrid.com\\\/politica-de-cookies\\\/\",\"name\":\"Pol\u00edtica de Cookies - Dermatolog&iacute;a Veterinaria Madrid\",\"isPartOf\":{\"@id\":\"https:\\\/\\\/dermatologiaveterinariamadrid.com\\\/#website\"},\"datePublished\":\"2023-09-18T10:31:45+00:00\",\"dateModified\":\"2023-11-08T11:55:34+00:00\",\"breadcrumb\":{\"@id\":\"https:\\\/\\\/dermatologiaveterinariamadrid.com\\\/politica-de-cookies\\\/#breadcrumb\"},\"inLanguage\":\"en-GB\",\"potentialAction\":[{\"@type\":\"ReadAction\",\"target\":[\"https:\\\/\\\/dermatologiaveterinariamadrid.com\\\/politica-de-cookies\\\/\"]}]},{\"@type\":\"BreadcrumbList\",\"@id\":\"https:\\\/\\\/dermatologiaveterinariamadrid.com\\\/politica-de-cookies\\\/#breadcrumb\",\"itemListElement\":[{\"@type\":\"ListItem\",\"position\":1,\"name\":\"Portada\",\"item\":\"https:\\\/\\\/dermatologiaveterinariamadrid.com\\\/\"},{\"@type\":\"ListItem\",\"position\":2,\"name\":\"Pol\u00edtica de Cookies\"}]},{\"@type\":\"WebSite\",\"@id\":\"https:\\\/\\\/dermatologiaveterinariamadrid.com\\\/#website\",\"url\":\"https:\\\/\\\/dermatologiaveterinariamadrid.com\\\/\",\"name\":\"Dermatolog\u00eda Veterinaria Madrid\",\"description\":\"Dermatolog&iacute;a Veterinaria\",\"publisher\":{\"@id\":\"https:\\\/\\\/dermatologiaveterinariamadrid.com\\\/#organization\"},\"potentialAction\":[{\"@type\":\"SearchAction\",\"target\":{\"@type\":\"EntryPoint\",\"urlTemplate\":\"https:\\\/\\\/dermatologiaveterinariamadrid.com\\\/?s={search_term_string}\"},\"query-input\":{\"@type\":\"PropertyValueSpecification\",\"valueRequired\":true,\"valueName\":\"search_term_string\"}}],\"inLanguage\":\"en-GB\"},{\"@type\":\"Organization\",\"@id\":\"https:\\\/\\\/dermatologiaveterinariamadrid.com\\\/#organization\",\"name\":\"Dermatolog\u00eda Veterinaria Madrid\",\"url\":\"https:\\\/\\\/dermatologiaveterinariamadrid.com\\\/\",\"logo\":{\"@type\":\"ImageObject\",\"inLanguage\":\"en-GB\",\"@id\":\"https:\\\/\\\/dermatologiaveterinariamadrid.com\\\/#\\\/schema\\\/logo\\\/image\\\/\",\"url\":\"https:\\\/\\\/dermatologiaveterinariamadrid.com\\\/wp-content\\\/uploads\\\/2023\\\/08\\\/Marca_CONCHITA_DVM_horizontal_-removebg-preview.png\",\"contentUrl\":\"https:\\\/\\\/dermatologiaveterinariamadrid.com\\\/wp-content\\\/uploads\\\/2023\\\/08\\\/Marca_CONCHITA_DVM_horizontal_-removebg-preview.png\",\"width\":767,\"height\":325,\"caption\":\"Dermatolog\u00eda Veterinaria Madrid\"},\"image\":{\"@id\":\"https:\\\/\\\/dermatologiaveterinariamadrid.com\\\/#\\\/schema\\\/logo\\\/image\\\/\"},\"sameAs\":[\"https:\\\/\\\/www.instagram.com\\\/dermatologa_veterinaria\"]}]}<\/script>\n<!-- \/ Yoast SEO plugin. -->","yoast_head_json":{"title":"Pol\u00edtica de Cookies - Dermatolog&iacute;a Veterinaria Madrid","robots":{"index":"index","follow":"follow","max-snippet":"max-snippet:-1","max-image-preview":"max-image-preview:large","max-video-preview":"max-video-preview:-1"},"canonical":"https:\/\/dermatologiaveterinariamadrid.com\/en\/politica-de-cookies\/","og_locale":"en_GB","og_type":"article","og_title":"Pol\u00edtica de Cookies - Dermatolog&iacute;a Veterinaria Madrid","og_description":"Pol\u00edtica de cookiesUna\u00a0cookie\u00a0es un peque\u00f1o fichero de texto que se almacena en su navegador cuando visita casi cualquier p\u00e1gina web. Su utilidad es que la web sea capaz de recordar su visita cuando vuelva a navegar por esa p\u00e1gina. Las\u00a0cookies\u00a0suelen almacenar informaci\u00f3n de car\u00e1cter t\u00e9cnico, preferencias personales, personalizaci\u00f3n de contenidos, estad\u00edsticas de uso, enlaces a [&hellip;]","og_url":"https:\/\/dermatologiaveterinariamadrid.com\/en\/politica-de-cookies\/","og_site_name":"Dermatolog&iacute;a Veterinaria Madrid","article_modified_time":"2023-11-08T11:55:34+00:00","twitter_card":"summary_large_image","twitter_misc":{"Estimated reading time":"8 minutes"},"schema":{"@context":"https:\/\/schema.org","@graph":[{"@type":"WebPage","@id":"https:\/\/dermatologiaveterinariamadrid.com\/politica-de-cookies\/","url":"https:\/\/dermatologiaveterinariamadrid.com\/politica-de-cookies\/","name":"Pol\u00edtica de Cookies - Dermatolog&iacute;a Veterinaria Madrid","isPartOf":{"@id":"https:\/\/dermatologiaveterinariamadrid.com\/#website"},"datePublished":"2023-09-18T10:31:45+00:00","dateModified":"2023-11-08T11:55:34+00:00","breadcrumb":{"@id":"https:\/\/dermatologiaveterinariamadrid.com\/politica-de-cookies\/#breadcrumb"},"inLanguage":"en-GB","potentialAction":[{"@type":"ReadAction","target":["https:\/\/dermatologiaveterinariamadrid.com\/politica-de-cookies\/"]}]},{"@type":"BreadcrumbList","@id":"https:\/\/dermatologiaveterinariamadrid.com\/politica-de-cookies\/#breadcrumb","itemListElement":[{"@type":"ListItem","position":1,"name":"Portada","item":"https:\/\/dermatologiaveterinariamadrid.com\/"},{"@type":"ListItem","position":2,"name":"Pol\u00edtica de Cookies"}]},{"@type":"WebSite","@id":"https:\/\/dermatologiaveterinariamadrid.com\/#website","url":"https:\/\/dermatologiaveterinariamadrid.com\/","name":"Dermatolog\u00eda Veterinaria Madrid","description":"Dermatolog&iacute;a Veterinaria","publisher":{"@id":"https:\/\/dermatologiaveterinariamadrid.com\/#organization"},"potentialAction":[{"@type":"SearchAction","target":{"@type":"EntryPoint","urlTemplate":"https:\/\/dermatologiaveterinariamadrid.com\/?s={search_term_string}"},"query-input":{"@type":"PropertyValueSpecification","valueRequired":true,"valueName":"search_term_string"}}],"inLanguage":"en-GB"},{"@type":"Organization","@id":"https:\/\/dermatologiaveterinariamadrid.com\/#organization","name":"Dermatolog\u00eda Veterinaria Madrid","url":"https:\/\/dermatologiaveterinariamadrid.com\/","logo":{"@type":"ImageObject","inLanguage":"en-GB","@id":"https:\/\/dermatologiaveterinariamadrid.com\/#\/schema\/logo\/image\/","url":"https:\/\/dermatologiaveterinariamadrid.com\/wp-content\/uploads\/2023\/08\/Marca_CONCHITA_DVM_horizontal_-removebg-preview.png","contentUrl":"https:\/\/dermatologiaveterinariamadrid.com\/wp-content\/uploads\/2023\/08\/Marca_CONCHITA_DVM_horizontal_-removebg-preview.png","width":767,"height":325,"caption":"Dermatolog\u00eda Veterinaria Madrid"},"image":{"@id":"https:\/\/dermatologiaveterinariamadrid.com\/#\/schema\/logo\/image\/"},"sameAs":["https:\/\/www.instagram.com\/dermatologa_veterinaria"]}]}},"_links":{"self":[{"href":"https:\/\/dermatologiaveterinariamadrid.com\/en\/wp-json\/wp\/v2\/pages\/231841","targetHints":{"allow":["GET"]}}],"collection":[{"href":"https:\/\/dermatologiaveterinariamadrid.com\/en\/wp-json\/wp\/v2\/pages"}],"about":[{"href":"https:\/\/dermatologiaveterinariamadrid.com\/en\/wp-json\/wp\/v2\/types\/page"}],"author":[{"embeddable":true,"href":"https:\/\/dermatologiaveterinariamadrid.com\/en\/wp-json\/wp\/v2\/users\/3"}],"replies":[{"embeddable":true,"href":"https:\/\/dermatologiaveterinariamadrid.com\/en\/wp-json\/wp\/v2\/comments?post=231841"}],"version-history":[{"count":4,"href":"https:\/\/dermatologiaveterinariamadrid.com\/en\/wp-json\/wp\/v2\/pages\/231841\/revisions"}],"predecessor-version":[{"id":232315,"href":"https:\/\/dermatologiaveterinariamadrid.com\/en\/wp-json\/wp\/v2\/pages\/231841\/revisions\/232315"}],"wp:attachment":[{"href":"https:\/\/dermatologiaveterinariamadrid.com\/en\/wp-json\/wp\/v2\/media?parent=231841"}],"curies":[{"name":"wp","href":"https:\/\/api.w.org\/{rel}","templated":true}]}}